{"id":32191,"date":"2025-10-21T01:39:40","date_gmt":"2025-10-21T01:39:40","guid":{"rendered":"https:\/\/nutricare.com.vn\/?post_type=product&#038;p=32191"},"modified":"2026-05-09T07:54:37","modified_gmt":"2026-05-09T07:54:37","slug":"san-pham-dinh-duong-metacare-opti-c-section-2","status":"publish","type":"product","link":"https:\/\/nutricare.com.vn\/en\/san-pham-dinh-duong-metacare-opti-c-section-2\/","title":{"rendered":"S\u1ea3n ph\u1ea9m dinh d\u01b0\u1ee1ng c\u00f4ng th\u1ee9c Metacare Opti C-Section"},"content":{"rendered":"<p>S\u1ea3n ph\u1ea9m dinh d\u01b0\u1ee1ng c\u00f4ng th\u1ee9c Metacare Opti C-Section \u0111\u01b0\u1ee3c nghi\u00ean c\u1ee9u v\u00e0 ph\u00e1t tri\u1ec3n b\u1edfi Vi\u1ec7n Dinh D\u01b0\u1ee1ng Y H\u1ecdc Nutricare Hoa K\u1ef3 v\u1edbi c\u00f4ng th\u1ee9c ph\u00f9 h\u1ee3p cho tr\u1ebb sinh m\u1ed5, tr\u1ebb c\u00f3 nguy c\u01a1 mi\u1ec5n d\u1ecbch v\u00e0 ti\u00eau h\u00f3a k\u00e9m. B\u1ed5 sung 6 HMOs c\u00f3 c\u1ea5u tr\u00fac t\u01b0\u01a1ng t\u1ef1 HMO trong s\u1eefa m\u1eb9, S\u1eefa Non Colostrum v\u00e0 Lactoferrin h\u1ed7 tr\u1ee3 t\u0103ng c\u01b0\u1eddng \u0111\u1ec1 kh\u00e1ng. 50 t\u1ef7 L\u1ee3i khu\u1ea9n Postbiotics. Ch\u1ea5t x\u01a1 h\u1ed7 tr\u1ee3 h\u1ec7 ti\u00eau h\u00f3a kh\u1ecfe.<\/p>\n","protected":false},"excerpt":{"rendered":"<p>S\u1ea3n ph\u1ea9m dinh d\u01b0\u1ee1ng c\u00f4ng th\u1ee9c Metacare Opti C-Section \u0111\u01b0\u1ee3c nghi\u00ean c\u1ee9u v\u00e0 ph\u00e1t tri\u1ec3n b\u1edfi Vi\u1ec7n Dinh D\u01b0\u1ee1ng Y H\u1ecdc Nutricare Hoa K\u1ef3 v\u1edbi c\u00f4ng th\u1ee9c ph\u00f9 h\u1ee3p cho tr\u1ebb sinh m\u1ed5, tr\u1ebb c\u00f3 nguy c\u01a1 mi\u1ec5n d\u1ecbch v\u00e0 ti\u00eau h\u00f3a k\u00e9m. B\u1ed5 sung 6 HMOs c\u00f3 c\u1ea5u tr\u00fac t\u01b0\u01a1ng t\u1ef1 HMO trong s\u1eefa [&hellip;]<\/p>\n","protected":false},"featured_media":43597,"comment_status":"open","ping_status":"closed","template":"","meta":{"_acf_changed":false,"rank_math_lock_modified_date":false},"product_brand":[315],"product_cat":[246,249,251],"product_tag":[],"class_list":{"0":"post-32191","1":"product","2":"type-product","3":"status-publish","4":"has-post-thumbnail","6":"product_brand-metacare-en","7":"product_cat-products","8":"product_cat-nutrition-for-babies-and-pregnant-mothers","9":"product_cat-products-for-children-en","11":"first","12":"instock","13":"shipping-taxable","14":"product-type-simple"},"acf":[],"_links":{"self":[{"href":"https:\/\/nutricare.com.vn\/en\/wp-json\/wp\/v2\/product\/32191","targetHints":{"allow":["GET"]}}],"collection":[{"href":"https:\/\/nutricare.com.vn\/en\/wp-json\/wp\/v2\/product"}],"about":[{"href":"https:\/\/nutricare.com.vn\/en\/wp-json\/wp\/v2\/types\/product"}],"replies":[{"embeddable":true,"href":"https:\/\/nutricare.com.vn\/en\/wp-json\/wp\/v2\/comments?post=32191"}],"wp:featuredmedia":[{"embeddable":true,"href":"https:\/\/nutricare.com.vn\/en\/wp-json\/wp\/v2\/media\/43597"}],"wp:attachment":[{"href":"https:\/\/nutricare.com.vn\/en\/wp-json\/wp\/v2\/media?parent=32191"}],"wp:term":[{"taxonomy":"product_brand","embeddable":true,"href":"https:\/\/nutricare.com.vn\/en\/wp-json\/wp\/v2\/product_brand?post=32191"},{"taxonomy":"product_cat","embeddable":true,"href":"https:\/\/nutricare.com.vn\/en\/wp-json\/wp\/v2\/product_cat?post=32191"},{"taxonomy":"product_tag","embeddable":true,"href":"https:\/\/nutricare.com.vn\/en\/wp-json\/wp\/v2\/product_tag?post=32191"}],"curies":[{"name":"wp","href":"https:\/\/api.w.org\/{rel}","templated":true}]}}