{"id":32183,"date":"2025-10-24T08:18:46","date_gmt":"2025-10-24T08:18:46","guid":{"rendered":"https:\/\/nutricare.com.vn\/product\/sua-hat-grand-nut-180-ml\/"},"modified":"2026-02-12T03:32:38","modified_gmt":"2026-02-12T03:32:38","slug":"sua-hat-grand-nut-180-ml","status":"publish","type":"product","link":"https:\/\/nutricare.com.vn\/en\/sua-hat-grand-nut-180-ml\/","title":{"rendered":"S\u1eefa h\u1ea1t Grand.Nut"},"content":{"rendered":"<p>100% h\u1ea1t t\u1eeb thi\u00ean nhi\u00ean, v\u1edbi chi\u1ebft xu\u1ea5t 6 lo\u1ea1i h\u1ea1t: \u0110\u1eadu \u0111\u1ecf, \u0110\u1eadu n\u00e0nh, G\u1ea1o Nh\u1eadt, B\u1eafp, \u0110\u1eadu \u0110en, \u00d3c Ch\u00f3<\/p>\n","protected":false},"excerpt":{"rendered":"<p>100% h\u1ea1t t\u1eeb thi\u00ean nhi\u00ean, v\u1edbi chi\u1ebft xu\u1ea5t 6 lo\u1ea1i h\u1ea1t: \u0110\u1eadu \u0111\u1ecf, \u0110\u1eadu n\u00e0nh, G\u1ea1o Nh\u1eadt, B\u1eafp, \u0110\u1eadu \u0110en, \u00d3c Ch\u00f3<\/p>\n","protected":false},"featured_media":38005,"comment_status":"open","ping_status":"closed","template":"","meta":{"_acf_changed":false,"rank_math_lock_modified_date":false},"product_brand":[306],"product_cat":[307],"product_tag":[],"class_list":{"0":"post-32183","1":"product","2":"type-product","3":"status-publish","4":"has-post-thumbnail","6":"product_brand-grandcare-en","7":"product_cat-grandcare-products","9":"first","10":"instock","11":"shipping-taxable","12":"product-type-simple"},"acf":[],"_links":{"self":[{"href":"https:\/\/nutricare.com.vn\/en\/wp-json\/wp\/v2\/product\/32183","targetHints":{"allow":["GET"]}}],"collection":[{"href":"https:\/\/nutricare.com.vn\/en\/wp-json\/wp\/v2\/product"}],"about":[{"href":"https:\/\/nutricare.com.vn\/en\/wp-json\/wp\/v2\/types\/product"}],"replies":[{"embeddable":true,"href":"https:\/\/nutricare.com.vn\/en\/wp-json\/wp\/v2\/comments?post=32183"}],"wp:featuredmedia":[{"embeddable":true,"href":"https:\/\/nutricare.com.vn\/en\/wp-json\/wp\/v2\/media\/38005"}],"wp:attachment":[{"href":"https:\/\/nutricare.com.vn\/en\/wp-json\/wp\/v2\/media?parent=32183"}],"wp:term":[{"taxonomy":"product_brand","embeddable":true,"href":"https:\/\/nutricare.com.vn\/en\/wp-json\/wp\/v2\/product_brand?post=32183"},{"taxonomy":"product_cat","embeddable":true,"href":"https:\/\/nutricare.com.vn\/en\/wp-json\/wp\/v2\/product_cat?post=32183"},{"taxonomy":"product_tag","embeddable":true,"href":"https:\/\/nutricare.com.vn\/en\/wp-json\/wp\/v2\/product_tag?post=32183"}],"curies":[{"name":"wp","href":"https:\/\/api.w.org\/{rel}","templated":true}]}}